{"id":1312,"date":"2023-09-18T12:22:21","date_gmt":"2023-09-18T15:22:21","guid":{"rendered":"https:\/\/iesrecreo-cat.infd.edu.ar\/sitio\/?page_id=1312"},"modified":"2023-09-18T13:08:08","modified_gmt":"2023-09-18T16:08:08","slug":"2-llamado-a-concurso-para-la-cobertura-de-cargos-de-gestion-academica-y-auxiliar-2","status":"publish","type":"page","link":"https:\/\/iesrecreo-cat.infd.edu.ar\/sitio\/2-llamado-a-concurso-para-la-cobertura-de-cargos-de-gestion-academica-y-auxiliar-2\/","title":{"rendered":"2\u00b0 llamado a Concurso para la cobertura de cargos de Gesti\u00f3n Acad\u00e9mica y Auxiliar"},"content":{"rendered":"\n<p>El Ministerio de Educaci\u00f3n y la direcci\u00f3n provincial de Educaci\u00f3n Superior informan 2\u00b0 llamado a Concurso para la cobertura de cargos de Gesti\u00f3n Acad\u00e9mica: jefatura de grado, jefatura de la investigaci\u00f3n y jefatura de extensi\u00f3n y Cargos de Gesti\u00f3n Acad\u00e9mica Auxiliar: jefatura de Departamento Alumnos en los Institutos de Nivel Superior (IES) de gesti\u00f3n estatal de la Provincia.<\/p>\n\n\n\n<p>Los interesados <a><\/a>deber\u00e1n registrar su inscripci\u00f3n en la plataforma gubernamental: <a href=\"http:\/\/tad.catamarca.gob.ar\/?fbclid=IwAR2tcCAakHW5BDLkcf8KoAWn9F4_XxqHHjYUNP-2IWhKRqtRZH5YPlYujtg\" rel=\"noreferrer noopener\" target=\"_blank\">http:\/\/tad.catamarca.gob.ar\/<\/a><\/p>\n\n\n\n<p>Cronograma:<\/p>\n\n\n\n<p>\u2022 Publicaci\u00f3n del concurso &#8211; Lunes 18\/09\/2023<\/p>\n\n\n\n<p>\u2022 Inscripci\u00f3n y presentaci\u00f3n del proyecto de trabajo, t\u00edtulos y<\/p>\n\n\n\n<p>\u2022 antecedentes &#8211; Viernes 22\/09\/2023 hasta Domingo 01\/10\/2023<\/p>\n\n\n\n<p>\u2022 Organizaci\u00f3n de carpetas &#8211; Lunes 02\/10\/2023 y Martes 03\/10\/2023<\/p>\n\n\n\n<p>\u2022 Remisi\u00f3n de proyectos y antecedentes a la Direcci\u00f3n de Nivel &#8211; Mi\u00e9rcoles 04\/10\/2023<\/p>\n\n\n\n<p>\u2022 Remisi\u00f3n de proyectos y antecedentes a tribunal evaluador &#8211; Jueves 05\/10\/2023<\/p>\n\n\n\n<p>\u2022 Tribunales de evaluaci\u00f3n: valoraci\u00f3n de t\u00edtulos y antecedentes &#8211; Viernes 06\/10\/2023 hasta Martes 17\/10\/2023<\/p>\n\n\n\n<p>\u2022 Publicaci\u00f3n de Listado de Valoraci\u00f3n de T\u00edtulos y Antecedentes (LVTA) &#8211; Mi\u00e9rcoles 18\/10\/2023<\/p>\n\n\n\n<p>\u2022 Periodo de tacha &#8211; Jueves 19\/10\/2023 y Viernes 20\/10\/2023<\/p>\n\n\n\n<p>\u2022 Dictamen del tribunal evaluador &#8211; Lunes 23\/10\/2023<\/p>\n\n\n\n<p>\u2022 Ratificaci\u00f3n o rectificaci\u00f3n del Orden de M\u00e9rito Provisorio &#8211; Martes 24\/10\/2023 posterior al Periodo de tacha<\/p>\n\n\n\n<p>\u2022 Tribunales de evaluaci\u00f3n: valoraci\u00f3n de Proyectos &#8211; Mi\u00e9rcoles 18\/10\/2023 hasta Lunes 23\/10\/2023<\/p>\n\n\n\n<p>\u2022 Entrevista y defensa del proyecto &#8211; Martes 24\/10\/2023 hasta Viernes 27\/10\/2023<\/p>\n\n\n\n<p>\u2022 Publicaci\u00f3n de Listado de Orden de M\u00e9rito Definitivo (LOMD) &#8211; Lunes 30\/10\/2023<\/p>\n\n\n\n<p>Los cargos a cubrir, las bases y condiciones, el cronograma y la Resoluci\u00f3n pertinente puede ser consultado en: <a href=\"https:\/\/l.facebook.com\/l.php?u=https%3A%2F%2Fweb.catamarca.edu.ar%2Fsitio%2Fnoticias%2F8195-2-llamado-a-concurso-para-la-cobertura-de-cargos-de-gestion-academica-y-auxiliar.html%3Ffbclid%3DIwAR1ORWFSbNoTQDcEwZuf4ZcZwHrmrRygUw1eklKrKxNOVPNjEBhlYkBc8r8&amp;h=AT2nJXPatJVa5-d7HNV8fZFZH6qlV4Y95L1lpWgazke6tR46zM3-YL1dgljVLWFJMp1K_85She88nokzorbDcyi_0abxAqHTMY_X96dA_LOTL6Zz96t1T7X63fdINVyzSg6B&amp;__tn__=-UK-R&amp;c[0]=AT1RADzfvZ3HzVSeM99fw8-T9VLzP8_3b3Ss8spCEfB8be6jBqvSvXwKo5m-urr7ZPgJVkemnDdkFTMwVmoz-ZiAL7ZIFKYHAOLfzOA6jMUYDFftSSah0RxqcuYp5CTmcjJrR2vNAoTs0QpKAHfnuBjoJZNF-qYoc9rqlBzKWOXc3Hkl0OlyrbKFPYpv95JduyIgrBvKysYM\" rel=\"noreferrer noopener\" target=\"_blank\">https:\/\/web.catamarca.edu.ar\/&#8230;\/8195-2-llamado-a&#8230;<\/a><\/p>\n","protected":false},"excerpt":{"rendered":"<p>El Ministerio de Educaci\u00f3n y la direcci\u00f3n provincial de Educaci\u00f3n Superior informan 2\u00b0 llamado a Concurso para la cobertura de cargos de Gesti\u00f3n Acad\u00e9mica: jefatura de grado, jefatura de la investigaci\u00f3n y jefatura de extensi\u00f3n y Cargos de Gesti\u00f3n Acad\u00e9mica Auxiliar: jefatura de Departamento Alumnos en los Institutos de Nivel Superior (IES) de gesti\u00f3n estatal &#8230; <a title=\"2\u00b0 llamado a Concurso para la cobertura de cargos de Gesti\u00f3n Acad\u00e9mica y Auxiliar\" class=\"read-more\" href=\"https:\/\/iesrecreo-cat.infd.edu.ar\/sitio\/2-llamado-a-concurso-para-la-cobertura-de-cargos-de-gestion-academica-y-auxiliar-2\/\" aria-label=\"More on 2\u00b0 llamado a Concurso para la cobertura de cargos de Gesti\u00f3n Acad\u00e9mica y Auxiliar\">[+]<\/a><\/p>\n","protected":false},"author":2173,"featured_media":1310,"parent":0,"menu_order":-2,"comment_status":"open","ping_status":"closed","template":"","meta":[],"acf":[],"_links":{"self":[{"href":"https:\/\/iesrecreo-cat.infd.edu.ar\/sitio\/wp-json\/wp\/v2\/pages\/1312"}],"collection":[{"href":"https:\/\/iesrecreo-cat.infd.edu.ar\/sitio\/wp-json\/wp\/v2\/pages"}],"about":[{"href":"https:\/\/iesrecreo-cat.infd.edu.ar\/sitio\/wp-json\/wp\/v2\/types\/page"}],"author":[{"embeddable":true,"href":"https:\/\/iesrecreo-cat.infd.edu.ar\/sitio\/wp-json\/wp\/v2\/users\/2173"}],"replies":[{"embeddable":true,"href":"https:\/\/iesrecreo-cat.infd.edu.ar\/sitio\/wp-json\/wp\/v2\/comments?post=1312"}],"version-history":[{"count":1,"href":"https:\/\/iesrecreo-cat.infd.edu.ar\/sitio\/wp-json\/wp\/v2\/pages\/1312\/revisions"}],"predecessor-version":[{"id":1313,"href":"https:\/\/iesrecreo-cat.infd.edu.ar\/sitio\/wp-json\/wp\/v2\/pages\/1312\/revisions\/1313"}],"wp:featuredmedia":[{"embeddable":true,"href":"https:\/\/iesrecreo-cat.infd.edu.ar\/sitio\/wp-json\/wp\/v2\/media\/1310"}],"wp:attachment":[{"href":"https:\/\/iesrecreo-cat.infd.edu.ar\/sitio\/wp-json\/wp\/v2\/media?parent=1312"}],"curies":[{"name":"wp","href":"https:\/\/api.w.org\/{rel}","templated":true}]}}