{"id":792,"date":"2018-08-29T19:28:00","date_gmt":"2018-08-29T22:28:00","guid":{"rendered":"https:\/\/iesrecreo-cat.infd.edu.ar\/sitio\/inscripciones-2015\/"},"modified":"2024-02-14T21:45:33","modified_gmt":"2024-02-15T00:45:33","slug":"inscripciones","status":"publish","type":"page","link":"https:\/\/iesrecreo-cat.infd.edu.ar\/sitio\/inscripciones\/","title":{"rendered":"Inscripciones"},"content":{"rendered":"<p><span style=\"font-size: 12pt; font-family: 'book antiqua', palatino;\">REQUISITOS DE INSCRIPCI\u00d3N PARA PROFESORADOS Y TECNICATURAS:<\/span><\/p>\n<div id=\"contenido_sitio\">\n<ul>\n<li><strong>FORMULARIO DE INSCRIPCI\u00d3N<\/strong><\/li>\n<li><strong>FOTOCOPIA DEL DOCUMENTO NACIONAL DE IDENTIDAD\u00a0<\/strong><\/li>\n<li><strong>FOTOCOPIA DE PARTIDA DE NACIMIENTO ACTUALIZADA<\/strong><\/li>\n<li><strong>PRESENTAR FOTOCOPIA DEL TITULO \u00a0O CONSTANCIA DE TITULO EN TRAMITE \u00a0QUE ACREDITE EL EGRESO DEL NIVEL SECUNDARIO<\/strong><\/li>\n<li><strong>DOS FOTOGRAF\u00cdAS TIPO CARNET 4X4.<\/strong><\/li>\n<li><strong>CERTIFICADO DE ANTECEDENTES<\/strong><\/li>\n<\/ul>\n<p><span style=\"font-size: 12pt; font-family: 'book antiqua', palatino;\">REQUISITOS DE INSCRIPCI\u00d3N PARA MAYORES DE 25 A\u00d1OS SEGUN ART 7 DE LA LEY DE EDUCACION SUPERIOR N\u00b0 24521\/95 CON ESTUDIOS SECUNDARIOS INCOMPLETOS:<\/span><\/p>\n<\/div>\n<ul>\n<li><strong>FORMULARIO DE INSCRIPCI\u00d3N<\/strong><\/li>\n<li><strong>FOTOCOPIA DEL DOCUMENTO NACIONAL DE IDENTIDAD\u00a0<\/strong><\/li>\n<li><strong>FOTOCOPIA DE PARTIDA DE NACIMIENTO ACTUALIZADA<\/strong><\/li>\n<li><strong>PRESENTAR FOTOCOPIA DE CICLO BASICO COMPLETO<\/strong><\/li>\n<li><strong>DOS FOTOGRAF\u00cdAS TIPO CARNET 4X4.<\/strong><\/li>\n<li><strong>CERTIFICADO DE ANTECEDENTES<\/strong><\/li>\n<li><strong>EXAMEN DE ADMISION DEL 04\/03 AL 08\/03<\/strong><\/li>\n<\/ul>\n<h2><\/h2>\n<h2><strong>Accede al sistema de Gesti\u00f3n Acad\u00e9mica <a href=\"http:\/\/guarani.catamarca.edu.ar\/\">SIU Guaran\u00ed<\/a><\/strong><\/h2>\n","protected":false},"excerpt":{"rendered":"<p>REQUISITOS DE INSCRIPCI\u00d3N PARA PROFESORADOS Y TECNICATURAS: FORMULARIO DE INSCRIPCI\u00d3N FOTOCOPIA DEL DOCUMENTO NACIONAL DE IDENTIDAD\u00a0 FOTOCOPIA DE PARTIDA DE NACIMIENTO ACTUALIZADA PRESENTAR FOTOCOPIA DEL TITULO \u00a0O CONSTANCIA DE TITULO EN TRAMITE \u00a0QUE ACREDITE EL EGRESO DEL NIVEL SECUNDARIO DOS FOTOGRAF\u00cdAS TIPO CARNET 4X4. CERTIFICADO DE ANTECEDENTES REQUISITOS DE INSCRIPCI\u00d3N PARA MAYORES DE 25 A\u00d1OS &#8230; <a title=\"Inscripciones\" class=\"read-more\" href=\"https:\/\/iesrecreo-cat.infd.edu.ar\/sitio\/inscripciones\/\" aria-label=\"More on Inscripciones\">[+]<\/a><\/p>\n","protected":false},"author":15,"featured_media":0,"parent":0,"menu_order":0,"comment_status":"closed","ping_status":"closed","template":"","meta":[],"acf":[],"_links":{"self":[{"href":"https:\/\/iesrecreo-cat.infd.edu.ar\/sitio\/wp-json\/wp\/v2\/pages\/792"}],"collection":[{"href":"https:\/\/iesrecreo-cat.infd.edu.ar\/sitio\/wp-json\/wp\/v2\/pages"}],"about":[{"href":"https:\/\/iesrecreo-cat.infd.edu.ar\/sitio\/wp-json\/wp\/v2\/types\/page"}],"author":[{"embeddable":true,"href":"https:\/\/iesrecreo-cat.infd.edu.ar\/sitio\/wp-json\/wp\/v2\/users\/15"}],"replies":[{"embeddable":true,"href":"https:\/\/iesrecreo-cat.infd.edu.ar\/sitio\/wp-json\/wp\/v2\/comments?post=792"}],"version-history":[{"count":8,"href":"https:\/\/iesrecreo-cat.infd.edu.ar\/sitio\/wp-json\/wp\/v2\/pages\/792\/revisions"}],"predecessor-version":[{"id":1399,"href":"https:\/\/iesrecreo-cat.infd.edu.ar\/sitio\/wp-json\/wp\/v2\/pages\/792\/revisions\/1399"}],"wp:attachment":[{"href":"https:\/\/iesrecreo-cat.infd.edu.ar\/sitio\/wp-json\/wp\/v2\/media?parent=792"}],"curies":[{"name":"wp","href":"https:\/\/api.w.org\/{rel}","templated":true}]}}